{"id":12,"date":"2014-03-09T17:41:00","date_gmt":"2014-03-09T16:41:00","guid":{"rendered":"http:\/\/penzionjetrichovice.cz\/?page_id=12"},"modified":"2022-01-06T17:39:04","modified_gmt":"2022-01-06T16:39:04","slug":"okoli","status":"publish","type":"page","link":"http:\/\/www.penzionjetrichovice.cz\/de\/umgebung\/","title":{"rendered":"Umgebung"},"content":{"rendered":"<h1>Die\u00a0Umgebung<\/h1>\n<p>Die B\u00f6hmische Schweiz ist reich an Natursch\u00f6nheiten und Sehensw\u00fcrdigkeiten. Das ganze Gebiet lockt schon hunderte Jahre die Touristen dieses Landst\u00fcck zu besuchen, und nicht nur das tschechisches Gebietsteil, die B\u00f6hmische Schweiz, sondern auch das deutsches, die S\u00e4chsische Schweiz. Die Wanderer und Radfahrer k\u00f6nnen unersch\u00f6pfliche Auswahl an Touristenwege nutzen. Unterwegs genie\u00dfen Sie die wundersch\u00f6nen Aussichten und unber\u00fchrte Natur des Nationalparks. Die Familien mit Kindern sicher nutzen die Kahnfahrt auf dem Fluss Kamenice \u2013 Kamnitz oder Dampffahrt durch Elbeklamm bis zum Bad Schandau.<\/p>\n<h2>Ausflugsempfehlungen \u2013 die B\u00f6hmischen Schweiz<\/h2>\n<ul>\n<li>Prav\u010dick\u00e1 br\u00e1na &#8211; Prebischtor, die gr\u00f6\u00dfte nat\u00fcrliche Sandsteinfelsbr\u00fccke in Europa \u2013 15 km von Pension entfernt<\/li>\n<li>Kamnitzklamm &#8211; Edmundsklamm und Stille Klamm, Kahnfahrt auf dem Fluss Kamnitz \u2013 15 km von Pension entfernt<\/li>\n<li>Marienfels, Rudolfstein, Aussichtspunkte bei Jet\u0159ichovice \u2013 2 km von Pension entfernt<\/li>\n<li>Paulinengrund (tschech.: Pavlinino Udoli), ein tief eingeschnittenes vom Kreibitzbach (Chribsk\u00e1 Kamenice) durchzogenes romantisches Felsental \u2013 2 km von Pension entfernt<\/li>\n<li>Dolsky-M\u00fchle, bekannt aus dem M\u00e4rchen Die stolze Prinzessin \u2013 2,5 km von Pension entfernt<\/li>\n<li>Kyjovsk\u00e9 \u00fadol\u00ed a \u0159eka K\u0159inice &#8211; Khaatal und Fluss Kirnitzsch, Schleusen \u2013 15 km von Pension entfernt<\/li>\n<\/ul>\n<h2>Ausflugsempfehlungen \u2013 die S\u00e4chsische Schweiz<\/h2>\n<ul>\n<li>Festung K\u00f6nigstein, die gr\u00f6\u00dfte Bergfestung Europas, Aussicht \u2013 25 km von Pension entfernt<\/li>\n<li>Sandsteinfelsbr\u00fccke Bastei mit der Felsenburg Neurathen \u2013 28 km von Pension entfernt<\/li>\n<li>Schrammsteine \u2013 Felsgruppe des Elbsandsteingebirges \u2013 16 km von Pension entfernt<\/li>\n<li>Tafelberg Lilienstein \u2013 20 km von Pension entfernt<\/li>\n<\/ul>\n<p>Baden in der Umgebung von Pension Jet\u0159ichovice oder in Srbsk\u00e1 Kamenice \u2013Windisch Kamnitz \u2013 im Teich baden. Sch\u00f6nes Naturbad befindet sich auch in Kyjov\u011b \u2013 Khaa \u2013 in der N\u00e4he von Khaatal. Probieren Sie interessante Baderlebniss in Toskana Therme in Bad Schandau. Der Aqua Park befindet sich auch in D\u011b\u010d\u00edn.<\/p>\n<p><img loading=\"lazy\" src=\"http:\/\/penzionjetrichovice.cz\/wp-content\/uploads\/2014\/03\/decin-aquapark-700x181.jpg\" alt=\"decin-aquapark\" width=\"700\" height=\"181\" \/><\/p>\n<p>Wenn Sie Unterkunft in Jet\u0159ichovice suchen, z\u00f6gern Sie nicht und wenden Sie sich an Pension U R\u016f\u017eenky. Mehrere Informationen \u00fcber Region die B\u00f6hmische Schweiz finden Sie auf der info- Webseite \u00fcber diesem malerischen Gebiet.<\/p>\n<h2>Andere Ausflugsempfehlungen<\/h2>\n<p>Ausfl\u00fcge und Spa\u00df mit Kindern \u2013 Empfehlungen Radwanderwege in der B\u00f6hmischen Schweiz adresa<\/p>\n<div id=\"book-online\" style=\"text-align: center;\"><a class=\"button\" href=\"http:\/\/www.penzionjetrichovice.cz\/de\/reservierung\/\">Buchen Sie online<\/a><\/div>\n","protected":false},"excerpt":{"rendered":"<p>Die\u00a0Umgebung Die B\u00f6hmische Schweiz ist reich an Natursch\u00f6nheiten und Sehensw\u00fcrdigkeiten. Das ganze Gebiet lockt schon hunderte Jahre die Touristen dieses Landst\u00fcck zu besuchen, und nicht nur das tschechisches Gebietsteil, die B\u00f6hmische Schweiz, sondern auch das deutsches, die S\u00e4chsische Schweiz. Die Wanderer und Radfahrer k\u00f6nnen unersch\u00f6pfliche Auswahl an Touristenwege nutzen. Unterwegs genie\u00dfen Sie die wundersch\u00f6nen Aussichten [&hellip;]<\/p>\n","protected":false},"author":1,"featured_media":0,"parent":0,"menu_order":0,"comment_status":"open","ping_status":"closed","template":"","meta":{"ngg_post_thumbnail":0},"acf":[],"_links":{"self":[{"href":"http:\/\/www.penzionjetrichovice.cz\/de\/wp-json\/wp\/v2\/pages\/12"}],"collection":[{"href":"http:\/\/www.penzionjetrichovice.cz\/de\/wp-json\/wp\/v2\/pages"}],"about":[{"href":"http:\/\/www.penzionjetrichovice.cz\/de\/wp-json\/wp\/v2\/types\/page"}],"author":[{"embeddable":true,"href":"http:\/\/www.penzionjetrichovice.cz\/de\/wp-json\/wp\/v2\/users\/1"}],"replies":[{"embeddable":true,"href":"http:\/\/www.penzionjetrichovice.cz\/de\/wp-json\/wp\/v2\/comments?post=12"}],"version-history":[{"count":43,"href":"http:\/\/www.penzionjetrichovice.cz\/de\/wp-json\/wp\/v2\/pages\/12\/revisions"}],"predecessor-version":[{"id":599,"href":"http:\/\/www.penzionjetrichovice.cz\/de\/wp-json\/wp\/v2\/pages\/12\/revisions\/599"}],"wp:attachment":[{"href":"http:\/\/www.penzionjetrichovice.cz\/de\/wp-json\/wp\/v2\/media?parent=12"}],"curies":[{"name":"wp","href":"https:\/\/api.w.org\/{rel}","templated":true}]}}