{"id":20,"date":"2014-03-09T18:21:37","date_gmt":"2014-03-09T17:21:37","guid":{"rendered":"http:\/\/penzionjetrichovice.cz\/?page_id=20"},"modified":"2022-04-24T21:43:38","modified_gmt":"2022-04-24T20:43:38","slug":"uvod","status":"publish","type":"page","link":"http:\/\/www.penzionjetrichovice.cz\/de\/","title":{"rendered":"Penziony"},"content":{"rendered":"<h2>Unterkunft B\u00f6hmische Schweiz \u2013 Jet\u0159ichovice<\/h2>\n<p>Willkommen auf den Webseiten. Wir bieten Ihnen eine komfortable Unterkunft in der N\u00e4he von Jet\u0159ichovice in den Ortsteil V\u0161emily, gerade im Herzen des Nationalparks von der B\u00f6hmischen Schweiz. Kommen Sie in einem der aufgesuchten Gebiete von der B\u00f6hmischen Schweiz \u2013 Jet\u0159ichovice unter. Die Unterkunft wurde gr\u00fcndlich umgebaut. Wegen Ihre bequeme Erholung sind alle Zimmer ger\u00e4umig und jedes Zimmer hat eigene WC und Dusche.<\/p>\n<p>Unser Restaurant mit den echt hausgemachten Gerichten steht Ihnen f\u00fcr die netten Augenblicke zur Verf\u00fcgung. In den Sommermonaten sind f\u00fcr Sie die Sommerterrasse und dazu viele ger\u00e4ucherten Spezialit\u00e4ten da. Zur Pension geh\u00f6ren ein gro\u00dfer Garten mit der offenen Feuerst\u00e4tte und ein Kinderspielplatz. Eingez\u00e4unter und verschlossener Parkplatz f\u00fcr die G\u00e4ste liegt auf dem Grundst\u00fcck an der Pension. Planen Sie Ihr Urlaub in der B\u00f6hmischen Schweiz und bestellen Sie rechtzeitig die Unterkunft in Jet\u0159ichovice. Z\u00f6gern Sie nicht und reservieren Sie die Unterkunft in der B\u00f6hmischen Schweiz.<\/p>\n<h2>Unterkunft in Jet\u0159ichovice<\/h2>\n<p>Nutzen Sie die M\u00f6glichkeit, bringen Sie sich in der Gemeinde Jet\u0159ichovice im Ortsteil V\u0161emily in der Pension U R\u016f\u017eenky unter. Nach Jet\u0159ichovice kommen Sie bequem zu Fu\u00df, ca. 2 km von der Pension, und von dort hin machen Sie eine Wanderung nach Jet\u0159ichovick\u00e9 vyhl\u00eddky \u2013 Marienfels, Rudolfstein und Wilhelminenwand, Pavlinino \u00fadol\u00ed \u2013 Paulinen Grund. Zu der bekannten Dolsky-M\u00fchle &#8211; Dolsk\u00fd ml\u00fdn, wo das M\u00e4rchen Die stolze Prinzessin gedreht wurde, kommen Sie nur \u00fcber dem H\u00fcgel. Die Unterkunft liegt in einem der sch\u00f6nsten Teile der B\u00f6hmischen Schweiz.<\/p>\n<h2>Die B\u00f6hmische Schweiz<\/h2>\n<p>Pension U R\u016f\u017eenky liegt im Herzen des Nationalparks die B\u00f6hmische Schweiz. Die Wander- und Radwege sind bequem von der Pension zug\u00e4nglich. Dank der einzigartigen Lage unserer Pension k\u00f6nnen Sie alle Sch\u00f6nheiten der B\u00f6hmischen Schweiz besuchen und noch mehr dazu: sehr einfach kommen Sie in den deutschen Teil der S\u00e4chsischen Schweiz. Wollen Sie mehr \u00fcber die B\u00f6hmische Schweiz erfahren? So dann sehen Sie sich die Ausflugs \u2013 und Wandervorschl\u00e4ge f\u00fcr die B\u00f6hmische Schweiz an. Wir geben Ihnen gerne Ratschl\u00e4ge f\u00fcr die abwechslungsreichen Ausfl\u00fcge! In der B\u00f6hmischen Schweiz ist es wirklich viel zu sehen! Wenn Sie die originelle Sch\u00f6nheit der B\u00f6hmischen Schweiz genie\u00dfen m\u00f6chten, empfehlen wir Ihnen zu uns im September zu kommen, wann die Natur ihre volle Farbensch\u00f6nheit zeigt.<\/p>\n<h2>Firmenveranstaltungen, Bildungskurse<\/h2>\n<p>F\u00fcr die Firmenveranstaltungen und Bildungskurse steht Ihnen ein separater Vortragssaal mit 25 Pl\u00e4tze zur Verf\u00fcgung. Wir bereiten f\u00fcr Sie gerne die Stehempfang B\u00fcfett, Barbecue Spezialit\u00e4ten und anderen Kleinimbiss w\u00e4hren Ihres Aufenthaltes.<\/p>\n","protected":false},"excerpt":{"rendered":"<p>Unterkunft B\u00f6hmische Schweiz \u2013 Jet\u0159ichovice Willkommen auf den Webseiten. Wir bieten Ihnen eine komfortable Unterkunft in der N\u00e4he von Jet\u0159ichovice in den Ortsteil V\u0161emily, gerade im Herzen des Nationalparks von der B\u00f6hmischen Schweiz. Kommen Sie in einem der aufgesuchten Gebiete von der B\u00f6hmischen Schweiz \u2013 Jet\u0159ichovice unter. Die Unterkunft wurde gr\u00fcndlich umgebaut. Wegen Ihre bequeme [&hellip;]<\/p>\n","protected":false},"author":1,"featured_media":0,"parent":0,"menu_order":0,"comment_status":"open","ping_status":"open","template":"","meta":{"ngg_post_thumbnail":0},"acf":[],"_links":{"self":[{"href":"http:\/\/www.penzionjetrichovice.cz\/de\/wp-json\/wp\/v2\/pages\/20"}],"collection":[{"href":"http:\/\/www.penzionjetrichovice.cz\/de\/wp-json\/wp\/v2\/pages"}],"about":[{"href":"http:\/\/www.penzionjetrichovice.cz\/de\/wp-json\/wp\/v2\/types\/page"}],"author":[{"embeddable":true,"href":"http:\/\/www.penzionjetrichovice.cz\/de\/wp-json\/wp\/v2\/users\/1"}],"replies":[{"embeddable":true,"href":"http:\/\/www.penzionjetrichovice.cz\/de\/wp-json\/wp\/v2\/comments?post=20"}],"version-history":[{"count":85,"href":"http:\/\/www.penzionjetrichovice.cz\/de\/wp-json\/wp\/v2\/pages\/20\/revisions"}],"predecessor-version":[{"id":798,"href":"http:\/\/www.penzionjetrichovice.cz\/de\/wp-json\/wp\/v2\/pages\/20\/revisions\/798"}],"wp:attachment":[{"href":"http:\/\/www.penzionjetrichovice.cz\/de\/wp-json\/wp\/v2\/media?parent=20"}],"curies":[{"name":"wp","href":"https:\/\/api.w.org\/{rel}","templated":true}]}}