{"id":5,"date":"2014-03-09T17:23:38","date_gmt":"2014-03-09T16:23:38","guid":{"rendered":"http:\/\/penzionjetrichovice.cz\/?page_id=5"},"modified":"2016-03-14T14:28:54","modified_gmt":"2016-03-14T13:28:54","slug":"restaurace","status":"publish","type":"page","link":"http:\/\/www.penzionjetrichovice.cz\/de\/restaurant\/","title":{"rendered":"Bohemian Switzerland"},"content":{"rendered":"<h1>Restaurant und Pension U R\u016f\u017eenky<\/h1>\n<p>Ein Bestandteil von unserer Pension ist auch ein gem\u00fctliches Restaurant mit den hausgemachten und typisch-b\u00f6hmischen Gerichten. Der Auswahl an die alkoholischen und alkoholfreien Getr\u00e4nke ist sehr breit. Die Bierliebhaber sich der Regionalbiersorten, z.B. B\u0159ez\u0148\u00e1k, freuen. F\u00fcr die Gruppen und Firmenveranstaltungen bereiten wir Ihrem Wunsch nach Barbecue- und Grillspezialit\u00e4ten, Stehempfang, usw. Im Restaurant und auf der Sommerterrasse ist Rauchen verboten.<\/p>\n\n<div id=\"book-online\" style=\"text-align: center;\"><a class=\"button\" href=\"http:\/\/www.penzionjetrichovice.cz\/de\/reservierung\/\">Buchen Sie online<\/a><\/div>\n","protected":false},"excerpt":{"rendered":"<p>Restaurant und Pension U R\u016f\u017eenky Ein Bestandteil von unserer Pension ist auch ein gem\u00fctliches Restaurant mit den hausgemachten und typisch-b\u00f6hmischen Gerichten. Der Auswahl an die alkoholischen und alkoholfreien Getr\u00e4nke ist sehr breit. Die Bierliebhaber sich der Regionalbiersorten, z.B. B\u0159ez\u0148\u00e1k, freuen. F\u00fcr die Gruppen und Firmenveranstaltungen bereiten wir Ihrem Wunsch nach Barbecue- und Grillspezialit\u00e4ten, Stehempfang, usw. [&hellip;]<\/p>\n","protected":false},"author":1,"featured_media":0,"parent":0,"menu_order":0,"comment_status":"open","ping_status":"open","template":"","meta":{"ngg_post_thumbnail":0},"acf":[],"_links":{"self":[{"href":"http:\/\/www.penzionjetrichovice.cz\/de\/wp-json\/wp\/v2\/pages\/5"}],"collection":[{"href":"http:\/\/www.penzionjetrichovice.cz\/de\/wp-json\/wp\/v2\/pages"}],"about":[{"href":"http:\/\/www.penzionjetrichovice.cz\/de\/wp-json\/wp\/v2\/types\/page"}],"author":[{"embeddable":true,"href":"http:\/\/www.penzionjetrichovice.cz\/de\/wp-json\/wp\/v2\/users\/1"}],"replies":[{"embeddable":true,"href":"http:\/\/www.penzionjetrichovice.cz\/de\/wp-json\/wp\/v2\/comments?post=5"}],"version-history":[{"count":18,"href":"http:\/\/www.penzionjetrichovice.cz\/de\/wp-json\/wp\/v2\/pages\/5\/revisions"}],"predecessor-version":[{"id":553,"href":"http:\/\/www.penzionjetrichovice.cz\/de\/wp-json\/wp\/v2\/pages\/5\/revisions\/553"}],"wp:attachment":[{"href":"http:\/\/www.penzionjetrichovice.cz\/de\/wp-json\/wp\/v2\/media?parent=5"}],"curies":[{"name":"wp","href":"https:\/\/api.w.org\/{rel}","templated":true}]}}