{"id":9,"date":"2014-03-09T17:38:52","date_gmt":"2014-03-09T16:38:52","guid":{"rendered":"http:\/\/penzionjetrichovice.cz\/?page_id=9"},"modified":"2014-06-11T15:10:27","modified_gmt":"2014-06-11T14:10:27","slug":"cenik","status":"publish","type":"page","link":"http:\/\/www.penzionjetrichovice.cz\/de\/preisliste\/","title":{"rendered":"Preisliste"},"content":{"rendered":"<h1>Preisliste<\/h1>\n<table>\n<thead>\n<tr>\n<th width=\"100%\">Saison &#8211;\u00a0ganzj\u00e4hrig<\/th>\n<th>Preise<\/th>\n<\/tr>\n<\/thead>\n<tbody>\n<tr>\n<td>Person \/ Unterkunft mit Fr\u00fchst\u00fcck &#8211; bei 2 N\u00e4chte<\/td>\n<td>450 Czk<\/td>\n<\/tr>\n<tr>\n<td>Person \/ Unterkunft mit Fr\u00fchst\u00fcck &#8211; bei 3 N\u00e4chte und mehr<\/td>\n<td>450\u00a0Czk<\/td>\n<\/tr>\n<tr>\n<td>Kinder 3 \u2013 12 Jahre \/ Unterkunft mit Fr\u00fchst\u00fcck<\/td>\n<td>350\u00a0Czk<\/td>\n<\/tr>\n<tr>\n<td>Kinder bis 3 Jahre mit Fr\u00fchst\u00fcck<\/td>\n<td>Gratis<\/td>\n<\/tr>\n<tr>\n<td>Einzelzimmer \/ Unterkunft mit Fr\u00fchst\u00fcck &#8211; Zuschlag<\/td>\n<td>50\u00a0Czk<\/td>\n<\/tr>\n<tr>\n<td>Nur 1 \u00dcbernachtung &#8211; Zuschlag<\/td>\n<td>50\u00a0Czk<\/td>\n<\/tr>\n<tr>\n<td>Halbpension (Hauptgericht, Getr\u00e4nk) \/ Person \/ Tag<\/td>\n<td>120\u00a0Czk<\/td>\n<\/tr>\n<tr>\n<td>Halbpension \/ Kinder 3 &#8211; 12 Jahre \/ Tag<\/td>\n<td>90\u00a0Czk<\/td>\n<\/tr>\n<tr>\n<td>Hund \/ Tag<\/td>\n<td>100\u00a0Czk<\/td>\n<\/tr>\n<\/tbody>\n<\/table>\n<p><strong>Der Preis inklusive:<\/strong> Fr\u00fchst\u00fcck nach dem Wahl, Wi-Fi , Internetzugang, parken am Pension, Erholungsgeb\u00fchr, MwSt.<\/p>\n<div id=\"book-online\" style=\"text-align: center;\"><a class=\"button\" href=\"http:\/\/www.penzionjetrichovice.cz\/de\/reservierung\/\">Buchen Sie online<\/a><\/div>\n","protected":false},"excerpt":{"rendered":"<p>Preisliste Saison &#8211;\u00a0ganzj\u00e4hrig Preise Person \/ Unterkunft mit Fr\u00fchst\u00fcck &#8211; bei 2 N\u00e4chte 450 Czk Person \/ Unterkunft mit Fr\u00fchst\u00fcck &#8211; bei 3 N\u00e4chte und mehr 450\u00a0Czk Kinder 3 \u2013 12 Jahre \/ Unterkunft mit Fr\u00fchst\u00fcck 350\u00a0Czk Kinder bis 3 Jahre mit Fr\u00fchst\u00fcck Gratis Einzelzimmer \/ Unterkunft mit Fr\u00fchst\u00fcck &#8211; Zuschlag 50\u00a0Czk Nur 1 \u00dcbernachtung [&hellip;]<\/p>\n","protected":false},"author":1,"featured_media":0,"parent":0,"menu_order":0,"comment_status":"open","ping_status":"open","template":"","meta":{"ngg_post_thumbnail":0},"acf":[],"_links":{"self":[{"href":"http:\/\/www.penzionjetrichovice.cz\/de\/wp-json\/wp\/v2\/pages\/9"}],"collection":[{"href":"http:\/\/www.penzionjetrichovice.cz\/de\/wp-json\/wp\/v2\/pages"}],"about":[{"href":"http:\/\/www.penzionjetrichovice.cz\/de\/wp-json\/wp\/v2\/types\/page"}],"author":[{"embeddable":true,"href":"http:\/\/www.penzionjetrichovice.cz\/de\/wp-json\/wp\/v2\/users\/1"}],"replies":[{"embeddable":true,"href":"http:\/\/www.penzionjetrichovice.cz\/de\/wp-json\/wp\/v2\/comments?post=9"}],"version-history":[{"count":28,"href":"http:\/\/www.penzionjetrichovice.cz\/de\/wp-json\/wp\/v2\/pages\/9\/revisions"}],"predecessor-version":[{"id":403,"href":"http:\/\/www.penzionjetrichovice.cz\/de\/wp-json\/wp\/v2\/pages\/9\/revisions\/403"}],"wp:attachment":[{"href":"http:\/\/www.penzionjetrichovice.cz\/de\/wp-json\/wp\/v2\/media?parent=9"}],"curies":[{"name":"wp","href":"https:\/\/api.w.org\/{rel}","templated":true}]}}