{"id":12,"date":"2014-03-09T17:41:00","date_gmt":"2014-03-09T16:41:00","guid":{"rendered":"http:\/\/penzionjetrichovice.cz\/?page_id=12"},"modified":"2022-01-06T17:39:04","modified_gmt":"2022-01-06T16:39:04","slug":"okoli","status":"publish","type":"page","link":"http:\/\/www.penzionjetrichovice.cz\/en\/english-url\/","title":{"rendered":"(\u010ce\u0161tina) Tipy na v\u00fdlety"},"content":{"rendered":"<p>Sorry, this entry is only available in <a href=\"http:\/\/www.penzionjetrichovice.cz\/de\/wp-json\/wp\/v2\/pages\/12\">Deutsch<\/a> and <a href=\"http:\/\/www.penzionjetrichovice.cz\/wp-json\/wp\/v2\/pages\/12\">\u010ce\u0161tina<\/a>.<\/p>\n","protected":false},"excerpt":{"rendered":"<p>Sorry, this entry is only available in Deutsch and \u010ce\u0161tina.<\/p>\n","protected":false},"author":1,"featured_media":0,"parent":0,"menu_order":0,"comment_status":"open","ping_status":"closed","template":"","meta":{"ngg_post_thumbnail":0},"acf":[],"_links":{"self":[{"href":"http:\/\/www.penzionjetrichovice.cz\/en\/wp-json\/wp\/v2\/pages\/12"}],"collection":[{"href":"http:\/\/www.penzionjetrichovice.cz\/en\/wp-json\/wp\/v2\/pages"}],"about":[{"href":"http:\/\/www.penzionjetrichovice.cz\/en\/wp-json\/wp\/v2\/types\/page"}],"author":[{"embeddable":true,"href":"http:\/\/www.penzionjetrichovice.cz\/en\/wp-json\/wp\/v2\/users\/1"}],"replies":[{"embeddable":true,"href":"http:\/\/www.penzionjetrichovice.cz\/en\/wp-json\/wp\/v2\/comments?post=12"}],"version-history":[{"count":43,"href":"http:\/\/www.penzionjetrichovice.cz\/en\/wp-json\/wp\/v2\/pages\/12\/revisions"}],"predecessor-version":[{"id":599,"href":"http:\/\/www.penzionjetrichovice.cz\/en\/wp-json\/wp\/v2\/pages\/12\/revisions\/599"}],"wp:attachment":[{"href":"http:\/\/www.penzionjetrichovice.cz\/en\/wp-json\/wp\/v2\/media?parent=12"}],"curies":[{"name":"wp","href":"https:\/\/api.w.org\/{rel}","templated":true}]}}