{"id":33,"date":"2014-03-09T20:26:59","date_gmt":"2014-03-09T19:26:59","guid":{"rendered":"http:\/\/penzionjetrichovice.cz\/?page_id=33"},"modified":"2016-03-11T12:45:20","modified_gmt":"2016-03-11T11:45:20","slug":"jetrichovicke-vyhlidky","status":"publish","type":"page","link":"http:\/\/www.penzionjetrichovice.cz\/en\/english-url\/jetrichovicke-vyhlidky\/","title":{"rendered":"(\u010ce\u0161tina) Jet\u0159ichovick\u00e9 vyhl\u00eddky"},"content":{"rendered":"<h1>Jet\u0159ichovick\u00e9 vyhl\u00eddky<\/h1>\n<p style=\"text-align: justify;\">Jet\u0159ichovicko je pln\u00e9 p\u0159\u00edrodn\u00edch kr\u00e1s a vy se na n\u011b m\u016f\u017eete pod\u00edvat p\u011bkn\u011b z v\u00fd\u0161ky.\u00a0Z\u00a0obce Jet\u0159ichovice se vydejte po \u010derven\u011b zna\u010den\u00e9 turistick\u00e9 zna\u010dce a dostanete se k\u00a0jedn\u00e9 vyhl\u00eddce, s\u00a0<a href=\"http:\/\/www.region-ceskesvycarsko.cz\/rozhledny-vyhlidky\/mariina-vyhlidka\/\">n\u00e1zvem\u00a0<strong>Mariina sk\u00e1la<\/strong>\u00a0(vyhl\u00eddka)<\/a>. Jedn\u00e1 se o skaln\u00ed v\u00fdb\u011b\u017eek s v\u00fd\u0161kou 428 m. Dominuje cel\u00e9mu okol\u00ed. Vrch sk\u00e1ly zdob\u00ed d\u0159ev\u011bn\u00e1 bouda z\u00a0roku 2006, kter\u00e1 nahradila p\u0159edchoz\u00ed zni\u010denou po\u017e\u00e1rem v roce 2005. Z\u00a0v\u00fd\u0161ky si u\u017eijete n\u00e1dhern\u00e9ho v\u00fdhledu na v\u0161echny strany.\u00a0<strong>Mimo jin\u00e9 spat\u0159\u00edte R\u016f\u017eovsk\u00fd vrch, Studenec a Vilem\u00edninu st\u011bnu. Rod Kinsk\u00fdch se postaral i o stavbu dal\u0161\u00edch vyhl\u00eddkov\u00fdch alt\u00e1n\u016f, jedn\u00e1 se o Vilem\u00edninu vyhl\u00eddku a Rudolf\u016fv k\u00e1men.<\/strong><\/p>\n<p style=\"text-align: justify;\"><strong>Z\u00a0Rudolfova kamene se v\u00e1m otev\u0159e okouzluj\u00edc\u00ed panoramatick\u00fd v\u00fdhled.<\/strong>\u00a0Jedn\u00e1 se o jeden z\u00a0nejvy\u0161\u0161\u00edch a celkem osamocen\u00fdch bod\u016f s\u00a0vyhl\u00eddkou. D\u0159\u00edve se mu \u0159\u00edkalo \u201eOstroh\u201c i \u201eVysok\u00fd k\u00e1men\u201c. V\u00a0sou\u010dasnosti je pojmenov\u00e1n po kn\u00ed\u017eeti Rudolfu Kinsk\u00e9m, kter\u00fd sem poprv\u00e9 vystoupil v\u00a0roce 1824. V\u00fdhled ho natolik uchv\u00e1til, \u017ee tady nechal postavit d\u0159ev\u011bn\u00fd alt\u00e1n a p\u0159\u00edstupovou cestu se 170 schody. Jestli\u017ee chytnete p\u011bkn\u00e9 po\u010das\u00ed, m\u016f\u017eete se rozhl\u00e9dnout po cel\u00e9 oblasti Labsk\u00e9 p\u00edskovce . Rovn\u011b\u017e spat\u0159\u00edte Lu\u017eick\u00e9 hory a \u010cesk\u00e9 st\u0159edoho\u0159\u00ed. K\u00a0zaj\u00edmavostem pat\u0159\u00ed, \u017ee na za\u010d\u00e1tku 20. stolet\u00ed byla okolo skaliska z\u0159\u00edzena obora a v\u00a0n\u00ed se us\u00eddlilo dev\u011bt kamz\u00edk\u016f z\u00a0Rakouska a \u0160v\u00fdcarska. Chov se \u00fasp\u011b\u0161n\u011b rozvinul a kamz\u00edci mohli b\u00fdt vypu\u0161t\u011bni do voln\u00e9 p\u0159\u00edrody. Kamz\u00edky dnes m\u016f\u017eete ve voln\u00e9 p\u0159\u00edrod\u011b celkem snadno zahl\u00e9dnout. Ob\u00fdvaj\u00ed i oblast okolo Studen\u00e9ho vrchu na jihoz\u00e1pad\u011b Lu\u017eick\u00fdch hor.<\/p>\n\n<div class='gallery'><dl class='gallery-item'>\n\t\t\t<dt class='gallery-icon landscape'>\n\t\t\t\t<a href='http:\/\/www.penzionjetrichovice.cz\/wp-content\/uploads\/2014\/03\/Jet\u0159ichovick\u00e9-vyhl\u00eddky-6.jpg' rel=\"lightbox[33]\"><img width=\"500\" height=\"350\" src=\"http:\/\/www.penzionjetrichovice.cz\/wp-content\/uploads\/2014\/03\/Jet\u0159ichovick\u00e9-vyhl\u00eddky-6-500x350.jpg\" class=\"attachment-thumbnail size-thumbnail\" alt=\"\" loading=\"lazy\" srcset=\"http:\/\/www.penzionjetrichovice.cz\/wp-content\/uploads\/2014\/03\/Jet\u0159ichovick\u00e9-vyhl\u00eddky-6-500x350.jpg 500w, http:\/\/www.penzionjetrichovice.cz\/wp-content\/uploads\/2014\/03\/Jet\u0159ichovick\u00e9-vyhl\u00eddky-6-300x210.jpg 300w\" sizes=\"(max-width: 500px) 100vw, 500px\" \/><\/a>\n\t\t\t<\/dt><\/dl><dl class='gallery-item'>\n\t\t\t<dt class='gallery-icon landscape'>\n\t\t\t\t<a href='http:\/\/www.penzionjetrichovice.cz\/wp-content\/uploads\/2014\/03\/Jet\u0159ichovick\u00e9-vyhl\u00eddky-5.jpg' rel=\"lightbox[33]\"><img width=\"500\" height=\"350\" src=\"http:\/\/www.penzionjetrichovice.cz\/wp-content\/uploads\/2014\/03\/Jet\u0159ichovick\u00e9-vyhl\u00eddky-5-500x350.jpg\" class=\"attachment-thumbnail size-thumbnail\" alt=\"\" loading=\"lazy\" srcset=\"http:\/\/www.penzionjetrichovice.cz\/wp-content\/uploads\/2014\/03\/Jet\u0159ichovick\u00e9-vyhl\u00eddky-5-500x350.jpg 500w, http:\/\/www.penzionjetrichovice.cz\/wp-content\/uploads\/2014\/03\/Jet\u0159ichovick\u00e9-vyhl\u00eddky-5-300x210.jpg 300w\" sizes=\"(max-width: 500px) 100vw, 500px\" \/><\/a>\n\t\t\t<\/dt><\/dl><br style=\"clear: both\" \/><dl class='gallery-item'>\n\t\t\t<dt class='gallery-icon landscape'>\n\t\t\t\t<a href='http:\/\/www.penzionjetrichovice.cz\/wp-content\/uploads\/2014\/03\/Jet\u0159ichovick\u00e9-vyhl\u00eddky-4.jpg' rel=\"lightbox[33]\"><img width=\"500\" height=\"350\" src=\"http:\/\/www.penzionjetrichovice.cz\/wp-content\/uploads\/2014\/03\/Jet\u0159ichovick\u00e9-vyhl\u00eddky-4-500x350.jpg\" class=\"attachment-thumbnail size-thumbnail\" alt=\"\" loading=\"lazy\" srcset=\"http:\/\/www.penzionjetrichovice.cz\/wp-content\/uploads\/2014\/03\/Jet\u0159ichovick\u00e9-vyhl\u00eddky-4-500x350.jpg 500w, http:\/\/www.penzionjetrichovice.cz\/wp-content\/uploads\/2014\/03\/Jet\u0159ichovick\u00e9-vyhl\u00eddky-4-300x210.jpg 300w\" sizes=\"(max-width: 500px) 100vw, 500px\" \/><\/a>\n\t\t\t<\/dt><\/dl><dl class='gallery-item'>\n\t\t\t<dt class='gallery-icon landscape'>\n\t\t\t\t<a href='http:\/\/www.penzionjetrichovice.cz\/wp-content\/uploads\/2014\/03\/Jet\u0159ichovick\u00e9-vyhl\u00eddky-3.jpg' rel=\"lightbox[33]\"><img width=\"500\" height=\"350\" src=\"http:\/\/www.penzionjetrichovice.cz\/wp-content\/uploads\/2014\/03\/Jet\u0159ichovick\u00e9-vyhl\u00eddky-3-500x350.jpg\" class=\"attachment-thumbnail size-thumbnail\" alt=\"\" loading=\"lazy\" srcset=\"http:\/\/www.penzionjetrichovice.cz\/wp-content\/uploads\/2014\/03\/Jet\u0159ichovick\u00e9-vyhl\u00eddky-3-500x350.jpg 500w, http:\/\/www.penzionjetrichovice.cz\/wp-content\/uploads\/2014\/03\/Jet\u0159ichovick\u00e9-vyhl\u00eddky-3-300x210.jpg 300w\" sizes=\"(max-width: 500px) 100vw, 500px\" \/><\/a>\n\t\t\t<\/dt><\/dl><br style=\"clear: both\" \/><dl class='gallery-item'>\n\t\t\t<dt class='gallery-icon landscape'>\n\t\t\t\t<a href='http:\/\/www.penzionjetrichovice.cz\/wp-content\/uploads\/2014\/03\/Jet\u0159ichovick\u00e9-vyhl\u00eddky-2.jpg' rel=\"lightbox[33]\"><img width=\"500\" height=\"350\" src=\"http:\/\/www.penzionjetrichovice.cz\/wp-content\/uploads\/2014\/03\/Jet\u0159ichovick\u00e9-vyhl\u00eddky-2-500x350.jpg\" class=\"attachment-thumbnail size-thumbnail\" alt=\"\" loading=\"lazy\" srcset=\"http:\/\/www.penzionjetrichovice.cz\/wp-content\/uploads\/2014\/03\/Jet\u0159ichovick\u00e9-vyhl\u00eddky-2-500x350.jpg 500w, http:\/\/www.penzionjetrichovice.cz\/wp-content\/uploads\/2014\/03\/Jet\u0159ichovick\u00e9-vyhl\u00eddky-2-300x210.jpg 300w\" sizes=\"(max-width: 500px) 100vw, 500px\" \/><\/a>\n\t\t\t<\/dt><\/dl><dl class='gallery-item'>\n\t\t\t<dt class='gallery-icon landscape'>\n\t\t\t\t<a href='http:\/\/www.penzionjetrichovice.cz\/wp-content\/uploads\/2014\/03\/Jet\u0159ichovick\u00e9-vyhl\u00eddky-1.jpg' rel=\"lightbox[33]\"><img width=\"500\" height=\"350\" src=\"http:\/\/www.penzionjetrichovice.cz\/wp-content\/uploads\/2014\/03\/Jet\u0159ichovick\u00e9-vyhl\u00eddky-1-500x350.jpg\" class=\"attachment-thumbnail size-thumbnail\" alt=\"\" loading=\"lazy\" srcset=\"http:\/\/www.penzionjetrichovice.cz\/wp-content\/uploads\/2014\/03\/Jet\u0159ichovick\u00e9-vyhl\u00eddky-1-500x350.jpg 500w, http:\/\/www.penzionjetrichovice.cz\/wp-content\/uploads\/2014\/03\/Jet\u0159ichovick\u00e9-vyhl\u00eddky-1-300x210.jpg 300w\" sizes=\"(max-width: 500px) 100vw, 500px\" \/><\/a>\n\t\t\t<\/dt><\/dl><br style=\"clear: both\" \/>\n\t\t<\/div>\n\n","protected":false},"excerpt":{"rendered":"<p>Jet\u0159ichovick\u00e9 vyhl\u00eddky Jet\u0159ichovicko je pln\u00e9 p\u0159\u00edrodn\u00edch kr\u00e1s a vy se na n\u011b m\u016f\u017eete pod\u00edvat p\u011bkn\u011b z v\u00fd\u0161ky.\u00a0Z\u00a0obce Jet\u0159ichovice se vydejte po \u010derven\u011b zna\u010den\u00e9 turistick\u00e9 zna\u010dce a dostanete se k\u00a0jedn\u00e9 vyhl\u00eddce, s\u00a0n\u00e1zvem\u00a0Mariina sk\u00e1la\u00a0(vyhl\u00eddka). Jedn\u00e1 se o skaln\u00ed v\u00fdb\u011b\u017eek s v\u00fd\u0161kou 428 m. Dominuje cel\u00e9mu okol\u00ed. Vrch sk\u00e1ly zdob\u00ed d\u0159ev\u011bn\u00e1 bouda z\u00a0roku 2006, kter\u00e1 nahradila p\u0159edchoz\u00ed zni\u010denou [&hellip;]<\/p>\n","protected":false},"author":1,"featured_media":0,"parent":12,"menu_order":0,"comment_status":"open","ping_status":"open","template":"","meta":{"ngg_post_thumbnail":0},"acf":[],"_links":{"self":[{"href":"http:\/\/www.penzionjetrichovice.cz\/en\/wp-json\/wp\/v2\/pages\/33"}],"collection":[{"href":"http:\/\/www.penzionjetrichovice.cz\/en\/wp-json\/wp\/v2\/pages"}],"about":[{"href":"http:\/\/www.penzionjetrichovice.cz\/en\/wp-json\/wp\/v2\/types\/page"}],"author":[{"embeddable":true,"href":"http:\/\/www.penzionjetrichovice.cz\/en\/wp-json\/wp\/v2\/users\/1"}],"replies":[{"embeddable":true,"href":"http:\/\/www.penzionjetrichovice.cz\/en\/wp-json\/wp\/v2\/comments?post=33"}],"version-history":[{"count":9,"href":"http:\/\/www.penzionjetrichovice.cz\/en\/wp-json\/wp\/v2\/pages\/33\/revisions"}],"predecessor-version":[{"id":505,"href":"http:\/\/www.penzionjetrichovice.cz\/en\/wp-json\/wp\/v2\/pages\/33\/revisions\/505"}],"up":[{"embeddable":true,"href":"http:\/\/www.penzionjetrichovice.cz\/en\/wp-json\/wp\/v2\/pages\/12"}],"wp:attachment":[{"href":"http:\/\/www.penzionjetrichovice.cz\/en\/wp-json\/wp\/v2\/media?parent=33"}],"curies":[{"name":"wp","href":"https:\/\/api.w.org\/{rel}","templated":true}]}}