{"id":35,"date":"2014-03-09T20:28:01","date_gmt":"2014-03-09T19:28:01","guid":{"rendered":"http:\/\/penzionjetrichovice.cz\/?page_id=35"},"modified":"2016-03-11T12:46:04","modified_gmt":"2016-03-11T11:46:04","slug":"pavlinino-udoli","status":"publish","type":"page","link":"http:\/\/www.penzionjetrichovice.cz\/en\/english-url\/pavlinino-udoli\/","title":{"rendered":"(\u010ce\u0161tina) Pavl\u00ednino \u00fadol\u00ed"},"content":{"rendered":"<p>Sorry, this entry is only available in <a href=\"http:\/\/www.penzionjetrichovice.cz\/wp-json\/wp\/v2\/pages\/35\">\u010ce\u0161tina<\/a>.<\/p>\n","protected":false},"excerpt":{"rendered":"<p>Sorry, this entry is only available in \u010ce\u0161tina.<\/p>\n","protected":false},"author":1,"featured_media":0,"parent":12,"menu_order":0,"comment_status":"open","ping_status":"open","template":"","meta":{"ngg_post_thumbnail":0},"acf":[],"_links":{"self":[{"href":"http:\/\/www.penzionjetrichovice.cz\/en\/wp-json\/wp\/v2\/pages\/35"}],"collection":[{"href":"http:\/\/www.penzionjetrichovice.cz\/en\/wp-json\/wp\/v2\/pages"}],"about":[{"href":"http:\/\/www.penzionjetrichovice.cz\/en\/wp-json\/wp\/v2\/types\/page"}],"author":[{"embeddable":true,"href":"http:\/\/www.penzionjetrichovice.cz\/en\/wp-json\/wp\/v2\/users\/1"}],"replies":[{"embeddable":true,"href":"http:\/\/www.penzionjetrichovice.cz\/en\/wp-json\/wp\/v2\/comments?post=35"}],"version-history":[{"count":8,"href":"http:\/\/www.penzionjetrichovice.cz\/en\/wp-json\/wp\/v2\/pages\/35\/revisions"}],"predecessor-version":[{"id":508,"href":"http:\/\/www.penzionjetrichovice.cz\/en\/wp-json\/wp\/v2\/pages\/35\/revisions\/508"}],"up":[{"embeddable":true,"href":"http:\/\/www.penzionjetrichovice.cz\/en\/wp-json\/wp\/v2\/pages\/12"}],"wp:attachment":[{"href":"http:\/\/www.penzionjetrichovice.cz\/en\/wp-json\/wp\/v2\/media?parent=35"}],"curies":[{"name":"wp","href":"https:\/\/api.w.org\/{rel}","templated":true}]}}