{"id":37,"date":"2014-03-09T20:28:44","date_gmt":"2014-03-09T19:28:44","guid":{"rendered":"http:\/\/penzionjetrichovice.cz\/?page_id=37"},"modified":"2016-03-11T12:46:59","modified_gmt":"2016-03-11T11:46:59","slug":"dolsky-mlyn","status":"publish","type":"page","link":"http:\/\/www.penzionjetrichovice.cz\/en\/english-url\/cestina-dolsky-mlyn\/","title":{"rendered":"(\u010ce\u0161tina) Dolsk\u00fd ml\u00fdn"},"content":{"rendered":"<p>Sorry, this entry is only available in <a href=\"http:\/\/www.penzionjetrichovice.cz\/wp-json\/wp\/v2\/pages\/37\">\u010ce\u0161tina<\/a>.<\/p>\n","protected":false},"excerpt":{"rendered":"<p>Sorry, this entry is only available in \u010ce\u0161tina.<\/p>\n","protected":false},"author":1,"featured_media":0,"parent":12,"menu_order":0,"comment_status":"open","ping_status":"open","template":"","meta":{"ngg_post_thumbnail":0},"acf":[],"_links":{"self":[{"href":"http:\/\/www.penzionjetrichovice.cz\/en\/wp-json\/wp\/v2\/pages\/37"}],"collection":[{"href":"http:\/\/www.penzionjetrichovice.cz\/en\/wp-json\/wp\/v2\/pages"}],"about":[{"href":"http:\/\/www.penzionjetrichovice.cz\/en\/wp-json\/wp\/v2\/types\/page"}],"author":[{"embeddable":true,"href":"http:\/\/www.penzionjetrichovice.cz\/en\/wp-json\/wp\/v2\/users\/1"}],"replies":[{"embeddable":true,"href":"http:\/\/www.penzionjetrichovice.cz\/en\/wp-json\/wp\/v2\/comments?post=37"}],"version-history":[{"count":7,"href":"http:\/\/www.penzionjetrichovice.cz\/en\/wp-json\/wp\/v2\/pages\/37\/revisions"}],"predecessor-version":[{"id":512,"href":"http:\/\/www.penzionjetrichovice.cz\/en\/wp-json\/wp\/v2\/pages\/37\/revisions\/512"}],"up":[{"embeddable":true,"href":"http:\/\/www.penzionjetrichovice.cz\/en\/wp-json\/wp\/v2\/pages\/12"}],"wp:attachment":[{"href":"http:\/\/www.penzionjetrichovice.cz\/en\/wp-json\/wp\/v2\/media?parent=37"}],"curies":[{"name":"wp","href":"https:\/\/api.w.org\/{rel}","templated":true}]}}