{"id":39,"date":"2014-03-09T20:29:33","date_gmt":"2014-03-09T19:29:33","guid":{"rendered":"http:\/\/penzionjetrichovice.cz\/?page_id=39"},"modified":"2016-03-11T12:45:42","modified_gmt":"2016-03-11T11:45:42","slug":"kyjovske-udoli","status":"publish","type":"page","link":"http:\/\/www.penzionjetrichovice.cz\/en\/english-url\/kyjovske-udoli\/","title":{"rendered":"(\u010ce\u0161tina) Kyjovsk\u00e9 \u00fadol\u00ed"},"content":{"rendered":"<p>Sorry, this entry is only available in <a href=\"http:\/\/www.penzionjetrichovice.cz\/wp-json\/wp\/v2\/pages\/39\">\u010ce\u0161tina<\/a>.<\/p>\n","protected":false},"excerpt":{"rendered":"<p>Sorry, this entry is only available in \u010ce\u0161tina.<\/p>\n","protected":false},"author":1,"featured_media":0,"parent":12,"menu_order":0,"comment_status":"open","ping_status":"open","template":"","meta":{"ngg_post_thumbnail":0},"acf":[],"_links":{"self":[{"href":"http:\/\/www.penzionjetrichovice.cz\/en\/wp-json\/wp\/v2\/pages\/39"}],"collection":[{"href":"http:\/\/www.penzionjetrichovice.cz\/en\/wp-json\/wp\/v2\/pages"}],"about":[{"href":"http:\/\/www.penzionjetrichovice.cz\/en\/wp-json\/wp\/v2\/types\/page"}],"author":[{"embeddable":true,"href":"http:\/\/www.penzionjetrichovice.cz\/en\/wp-json\/wp\/v2\/users\/1"}],"replies":[{"embeddable":true,"href":"http:\/\/www.penzionjetrichovice.cz\/en\/wp-json\/wp\/v2\/comments?post=39"}],"version-history":[{"count":8,"href":"http:\/\/www.penzionjetrichovice.cz\/en\/wp-json\/wp\/v2\/pages\/39\/revisions"}],"predecessor-version":[{"id":506,"href":"http:\/\/www.penzionjetrichovice.cz\/en\/wp-json\/wp\/v2\/pages\/39\/revisions\/506"}],"up":[{"embeddable":true,"href":"http:\/\/www.penzionjetrichovice.cz\/en\/wp-json\/wp\/v2\/pages\/12"}],"wp:attachment":[{"href":"http:\/\/www.penzionjetrichovice.cz\/en\/wp-json\/wp\/v2\/media?parent=39"}],"curies":[{"name":"wp","href":"https:\/\/api.w.org\/{rel}","templated":true}]}}